{"id":61,"date":"2016-10-29T16:09:02","date_gmt":"2016-10-29T16:09:02","guid":{"rendered":"http:\/\/apartamenti.lv\/?page_id=61"},"modified":"2024-05-30T18:20:25","modified_gmt":"2024-05-30T18:20:25","slug":"esiet-sveicinati-liepaja","status":"publish","type":"page","link":"https:\/\/apartamenti.lv\/de\/","title":{"rendered":"Willkommen in Liepaja!"},"content":{"rendered":"<p>F\u00fcr uns, dass sind Einheimische in der vierten Generation, ist Liepaja der sch\u00f6nste Platz auf der ganzen Welt. Liepaja ist die drittgr\u00f6\u00dfte Stadt in Lettland und doch ist alles zu Fu\u00df zu erreichen: unser wei\u00dfer Sandstrand, der Park, der Marktplatz, die Konzerthalle, das Theater, Spielpl\u00e4tze, Restaurants, die Strandpromenade \u2013 alles befindet sich in Reichweite.<\/p>\n<p>Wenn man in eine fremde Stadt kommt, ist es sch\u00f6n einen Platz zu finden, wo man sich Zuhause f\u00fchlt. Wir vermieten an unsere G\u00e4ste verschiedene liebevoll gestaltete Apartments oder Ferienh\u00e4user. Alle Unterk\u00fcnfte sind hochwertig ausgestattet und Sie werden von herzlichen Besitzern empfangen.<\/p>\n<p>Besuchen Sie Liepaja und wir zeigen Ihnen unsere Stadt, die wir lieben!<\/p>\n<p>Monta und Normunds Kraft<\/p>","protected":false},"excerpt":{"rendered":"<p>F\u00fcr uns, dass sind Einheimische in der vierten Generation, ist Liepaja der sch\u00f6nste Platz auf der ganzen Welt. Liepaja ist die drittgr\u00f6\u00dfte Stadt in Lettland und doch ist alles zu Fu\u00df zu erreichen: unser wei\u00dfer Sandstrand, der Park, der Marktplatz, die Konzerthalle, das Theater, Spielpl\u00e4tze, Restaurants, die Strandpromenade \u2013 alles befindet sich in Reichweite. Wenn [&hellip;]<\/p>\n","protected":false},"author":1,"featured_media":63,"parent":0,"menu_order":0,"comment_status":"closed","ping_status":"closed","template":"","meta":{"footnotes":""},"_links":{"self":[{"href":"https:\/\/apartamenti.lv\/de\/wp-json\/wp\/v2\/pages\/61"}],"collection":[{"href":"https:\/\/apartamenti.lv\/de\/wp-json\/wp\/v2\/pages"}],"about":[{"href":"https:\/\/apartamenti.lv\/de\/wp-json\/wp\/v2\/types\/page"}],"author":[{"embeddable":true,"href":"https:\/\/apartamenti.lv\/de\/wp-json\/wp\/v2\/users\/1"}],"replies":[{"embeddable":true,"href":"https:\/\/apartamenti.lv\/de\/wp-json\/wp\/v2\/comments?post=61"}],"version-history":[{"count":27,"href":"https:\/\/apartamenti.lv\/de\/wp-json\/wp\/v2\/pages\/61\/revisions"}],"predecessor-version":[{"id":1544,"href":"https:\/\/apartamenti.lv\/de\/wp-json\/wp\/v2\/pages\/61\/revisions\/1544"}],"wp:featuredmedia":[{"embeddable":true,"href":"https:\/\/apartamenti.lv\/de\/wp-json\/wp\/v2\/media\/63"}],"wp:attachment":[{"href":"https:\/\/apartamenti.lv\/de\/wp-json\/wp\/v2\/media?parent=61"}],"curies":[{"name":"wp","href":"https:\/\/api.w.org\/{rel}","templated":true}]}}